{"id":19515,"date":"2025-08-11T08:51:33","date_gmt":"2025-08-11T06:51:33","guid":{"rendered":"https:\/\/lupher.pl\/?post_type=product&#038;p=19515"},"modified":"2025-08-11T08:55:24","modified_gmt":"2025-08-11T06:55:24","slug":"lyzka-skarpowa-smp-t620-2000-mm","status":"publish","type":"product","link":"https:\/\/lupher.pl\/en\/lyzka-skarpowa-smp-t620-2000-mm\/","title":{"rendered":"\u0141y\u017cka skarpowa SMP T620 2000 mm"},"content":{"rendered":"","protected":false},"excerpt":{"rendered":"","protected":false},"featured_media":19505,"comment_status":"closed","ping_status":"closed","template":"","meta":{"_acf_changed":false,"inline_featured_image":false},"product_brand":[],"product_cat":[666,662],"product_tag":[],"class_list":{"0":"post-19515","1":"product","2":"type-product","3":"status-publish","4":"has-post-thumbnail","6":"product_cat-lyzki-skarpowe","7":"product_cat-osprzet","8":"pa_numer-katalogowy-a41","10":"first","11":"instock","12":"shipping-taxable","13":"product-type-simple"},"acf":{"photo_gallery":{"galeria":[[{"id":19506,"title":"IMG_9311","caption":"","full_image_url":"https:\/\/lupher.pl\/wp-content\/uploads\/2025\/08\/IMG_9311.jpg","thumbnail_image_url":"https:\/\/lupher.pl\/wp-content\/uploads\/2025\/08\/IMG_9311-150x150.jpg","large_srcset":"https:\/\/lupher.pl\/wp-content\/uploads\/2025\/08\/IMG_9311-1024x768.jpg 1024w, https:\/\/lupher.pl\/wp-content\/uploads\/2025\/08\/IMG_9311-300x225.jpg 300w, https:\/\/lupher.pl\/wp-content\/uploads\/2025\/08\/IMG_9311-768x576.jpg 768w, https:\/\/lupher.pl\/wp-content\/uploads\/2025\/08\/IMG_9311-1536x1152.jpg 1536w, https:\/\/lupher.pl\/wp-content\/uploads\/2025\/08\/IMG_9311-600x450.jpg 600w, https:\/\/lupher.pl\/wp-content\/uploads\/2025\/08\/IMG_9311-64x48.jpg 64w, https:\/\/lupher.pl\/wp-content\/uploads\/2025\/08\/IMG_9311.jpg 2016w","medium_srcset":"https:\/\/lupher.pl\/wp-content\/uploads\/2025\/08\/IMG_9311-300x225.jpg 300w, https:\/\/lupher.pl\/wp-content\/uploads\/2025\/08\/IMG_9311-1024x768.jpg 1024w, https:\/\/lupher.pl\/wp-content\/uploads\/2025\/08\/IMG_9311-768x576.jpg 768w, https:\/\/lupher.pl\/wp-content\/uploads\/2025\/08\/IMG_9311-1536x1152.jpg 1536w, https:\/\/lupher.pl\/wp-content\/uploads\/2025\/08\/IMG_9311-600x450.jpg 600w, https:\/\/lupher.pl\/wp-content\/uploads\/2025\/08\/IMG_9311-64x48.jpg 64w, https:\/\/lupher.pl\/wp-content\/uploads\/2025\/08\/IMG_9311.jpg 2016w","media_details":{"width":2016,"height":1512,"sizes":{"medium":{"file":"IMG_9311-300x225.jpg","width":300,"height":225,"mime-type":"image\/jpeg","filesize":16883,"source_url":"https:\/\/lupher.pl\/wp-content\/uploads\/2025\/08\/IMG_9311-300x225.jpg"},"large":{"file":"IMG_9311-1024x768.jpg","width":1024,"height":768,"mime-type":"image\/jpeg","filesize":146335,"source_url":"https:\/\/lupher.pl\/wp-content\/uploads\/2025\/08\/IMG_9311-1024x768.jpg"},"thumbnail":{"file":"IMG_9311-150x150.jpg","width":150,"height":150,"mime-type":"image\/jpeg","filesize":8162,"source_url":"https:\/\/lupher.pl\/wp-content\/uploads\/2025\/08\/IMG_9311-150x150.jpg"},"medium_large":{"file":"IMG_9311-768x576.jpg","width":768,"height":576,"mime-type":"image\/jpeg","filesize":83156,"source_url":"https:\/\/lupher.pl\/wp-content\/uploads\/2025\/08\/IMG_9311-768x576.jpg"},"1536x1536":{"file":"IMG_9311-1536x1152.jpg","width":1536,"height":1152,"mime-type":"image\/jpeg","filesize":324860,"source_url":"https:\/\/lupher.pl\/wp-content\/uploads\/2025\/08\/IMG_9311-1536x1152.jpg"},"woocommerce_thumbnail":{"file":"IMG_9311-600x450.jpg","width":600,"height":450,"mime-type":"image\/jpeg","filesize":53005,"source_url":"https:\/\/lupher.pl\/wp-content\/uploads\/2025\/08\/IMG_9311-600x450.jpg"},"woocommerce_single":{"file":"IMG_9311-600x450.jpg","width":600,"height":450,"mime-type":"image\/jpeg","filesize":53005,"source_url":"https:\/\/lupher.pl\/wp-content\/uploads\/2025\/08\/IMG_9311-600x450.jpg"},"woocommerce_gallery_thumbnail":{"file":"IMG_9311-100x100.jpg","width":100,"height":100,"mime-type":"image\/jpeg","filesize":5677,"source_url":"https:\/\/lupher.pl\/wp-content\/uploads\/2025\/08\/IMG_9311-100x100.jpg"},"dgwt-wcas-product-suggestion":{"file":"IMG_9311-64x48.jpg","width":64,"height":48,"mime-type":"image\/jpeg","filesize":3856,"source_url":"https:\/\/lupher.pl\/wp-content\/uploads\/2025\/08\/IMG_9311-64x48.jpg"}}},"alt_text":"","url":"","target":""},{"id":19508,"title":"IMG_9312","caption":"","full_image_url":"https:\/\/lupher.pl\/wp-content\/uploads\/2025\/08\/IMG_9312.jpg","thumbnail_image_url":"https:\/\/lupher.pl\/wp-content\/uploads\/2025\/08\/IMG_9312-150x150.jpg","large_srcset":"https:\/\/lupher.pl\/wp-content\/uploads\/2025\/08\/IMG_9312-1024x768.jpg 1024w, https:\/\/lupher.pl\/wp-content\/uploads\/2025\/08\/IMG_9312-300x225.jpg 300w, https:\/\/lupher.pl\/wp-content\/uploads\/2025\/08\/IMG_9312-768x576.jpg 768w, https:\/\/lupher.pl\/wp-content\/uploads\/2025\/08\/IMG_9312-1536x1152.jpg 1536w, https:\/\/lupher.pl\/wp-content\/uploads\/2025\/08\/IMG_9312-600x450.jpg 600w, https:\/\/lupher.pl\/wp-content\/uploads\/2025\/08\/IMG_9312-64x48.jpg 64w, https:\/\/lupher.pl\/wp-content\/uploads\/2025\/08\/IMG_9312.jpg 2016w","medium_srcset":"https:\/\/lupher.pl\/wp-content\/uploads\/2025\/08\/IMG_9312-300x225.jpg 300w, https:\/\/lupher.pl\/wp-content\/uploads\/2025\/08\/IMG_9312-1024x768.jpg 1024w, https:\/\/lupher.pl\/wp-content\/uploads\/2025\/08\/IMG_9312-768x576.jpg 768w, https:\/\/lupher.pl\/wp-content\/uploads\/2025\/08\/IMG_9312-1536x1152.jpg 1536w, https:\/\/lupher.pl\/wp-content\/uploads\/2025\/08\/IMG_9312-600x450.jpg 600w, https:\/\/lupher.pl\/wp-content\/uploads\/2025\/08\/IMG_9312-64x48.jpg 64w, https:\/\/lupher.pl\/wp-content\/uploads\/2025\/08\/IMG_9312.jpg 2016w","media_details":{"width":2016,"height":1512,"sizes":{"medium":{"file":"IMG_9312-300x225.jpg","width":300,"height":225,"mime-type":"image\/jpeg","filesize":22190,"source_url":"https:\/\/lupher.pl\/wp-content\/uploads\/2025\/08\/IMG_9312-300x225.jpg"},"large":{"file":"IMG_9312-1024x768.jpg","width":1024,"height":768,"mime-type":"image\/jpeg","filesize":183808,"source_url":"https:\/\/lupher.pl\/wp-content\/uploads\/2025\/08\/IMG_9312-1024x768.jpg"},"thumbnail":{"file":"IMG_9312-150x150.jpg","width":150,"height":150,"mime-type":"image\/jpeg","filesize":10188,"source_url":"https:\/\/lupher.pl\/wp-content\/uploads\/2025\/08\/IMG_9312-150x150.jpg"},"medium_large":{"file":"IMG_9312-768x576.jpg","width":768,"height":576,"mime-type":"image\/jpeg","filesize":107659,"source_url":"https:\/\/lupher.pl\/wp-content\/uploads\/2025\/08\/IMG_9312-768x576.jpg"},"1536x1536":{"file":"IMG_9312-1536x1152.jpg","width":1536,"height":1152,"mime-type":"image\/jpeg","filesize":389618,"source_url":"https:\/\/lupher.pl\/wp-content\/uploads\/2025\/08\/IMG_9312-1536x1152.jpg"},"woocommerce_thumbnail":{"file":"IMG_9312-600x450.jpg","width":600,"height":450,"mime-type":"image\/jpeg","filesize":69899,"source_url":"https:\/\/lupher.pl\/wp-content\/uploads\/2025\/08\/IMG_9312-600x450.jpg"},"woocommerce_single":{"file":"IMG_9312-600x450.jpg","width":600,"height":450,"mime-type":"image\/jpeg","filesize":69899,"source_url":"https:\/\/lupher.pl\/wp-content\/uploads\/2025\/08\/IMG_9312-600x450.jpg"},"woocommerce_gallery_thumbnail":{"file":"IMG_9312-100x100.jpg","width":100,"height":100,"mime-type":"image\/jpeg","filesize":6584,"source_url":"https:\/\/lupher.pl\/wp-content\/uploads\/2025\/08\/IMG_9312-100x100.jpg"},"dgwt-wcas-product-suggestion":{"file":"IMG_9312-64x48.jpg","width":64,"height":48,"mime-type":"image\/jpeg","filesize":4115,"source_url":"https:\/\/lupher.pl\/wp-content\/uploads\/2025\/08\/IMG_9312-64x48.jpg"}}},"alt_text":"","url":"","target":""},{"id":19510,"title":"IMG_9313","caption":"","full_image_url":"https:\/\/lupher.pl\/wp-content\/uploads\/2025\/08\/IMG_9313.jpg","thumbnail_image_url":"https:\/\/lupher.pl\/wp-content\/uploads\/2025\/08\/IMG_9313-150x150.jpg","large_srcset":"https:\/\/lupher.pl\/wp-content\/uploads\/2025\/08\/IMG_9313-1024x768.jpg 1024w, https:\/\/lupher.pl\/wp-content\/uploads\/2025\/08\/IMG_9313-300x225.jpg 300w, https:\/\/lupher.pl\/wp-content\/uploads\/2025\/08\/IMG_9313-768x576.jpg 768w, https:\/\/lupher.pl\/wp-content\/uploads\/2025\/08\/IMG_9313-1536x1152.jpg 1536w, https:\/\/lupher.pl\/wp-content\/uploads\/2025\/08\/IMG_9313-600x450.jpg 600w, https:\/\/lupher.pl\/wp-content\/uploads\/2025\/08\/IMG_9313-64x48.jpg 64w, https:\/\/lupher.pl\/wp-content\/uploads\/2025\/08\/IMG_9313.jpg 2016w","medium_srcset":"https:\/\/lupher.pl\/wp-content\/uploads\/2025\/08\/IMG_9313-300x225.jpg 300w, https:\/\/lupher.pl\/wp-content\/uploads\/2025\/08\/IMG_9313-1024x768.jpg 1024w, https:\/\/lupher.pl\/wp-content\/uploads\/2025\/08\/IMG_9313-768x576.jpg 768w, https:\/\/lupher.pl\/wp-content\/uploads\/2025\/08\/IMG_9313-1536x1152.jpg 1536w, https:\/\/lupher.pl\/wp-content\/uploads\/2025\/08\/IMG_9313-600x450.jpg 600w, https:\/\/lupher.pl\/wp-content\/uploads\/2025\/08\/IMG_9313-64x48.jpg 64w, https:\/\/lupher.pl\/wp-content\/uploads\/2025\/08\/IMG_9313.jpg 2016w","media_details":{"width":2016,"height":1512,"sizes":{"medium":{"file":"IMG_9313-300x225.jpg","width":300,"height":225,"mime-type":"image\/jpeg","filesize":20354,"source_url":"https:\/\/lupher.pl\/wp-content\/uploads\/2025\/08\/IMG_9313-300x225.jpg"},"large":{"file":"IMG_9313-1024x768.jpg","width":1024,"height":768,"mime-type":"image\/jpeg","filesize":182372,"source_url":"https:\/\/lupher.pl\/wp-content\/uploads\/2025\/08\/IMG_9313-1024x768.jpg"},"thumbnail":{"file":"IMG_9313-150x150.jpg","width":150,"height":150,"mime-type":"image\/jpeg","filesize":9189,"source_url":"https:\/\/lupher.pl\/wp-content\/uploads\/2025\/08\/IMG_9313-150x150.jpg"},"medium_large":{"file":"IMG_9313-768x576.jpg","width":768,"height":576,"mime-type":"image\/jpeg","filesize":104616,"source_url":"https:\/\/lupher.pl\/wp-content\/uploads\/2025\/08\/IMG_9313-768x576.jpg"},"1536x1536":{"file":"IMG_9313-1536x1152.jpg","width":1536,"height":1152,"mime-type":"image\/jpeg","filesize":399522,"source_url":"https:\/\/lupher.pl\/wp-content\/uploads\/2025\/08\/IMG_9313-1536x1152.jpg"},"woocommerce_thumbnail":{"file":"IMG_9313-600x450.jpg","width":600,"height":450,"mime-type":"image\/jpeg","filesize":66520,"source_url":"https:\/\/lupher.pl\/wp-content\/uploads\/2025\/08\/IMG_9313-600x450.jpg"},"woocommerce_single":{"file":"IMG_9313-600x450.jpg","width":600,"height":450,"mime-type":"image\/jpeg","filesize":66520,"source_url":"https:\/\/lupher.pl\/wp-content\/uploads\/2025\/08\/IMG_9313-600x450.jpg"},"woocommerce_gallery_thumbnail":{"file":"IMG_9313-100x100.jpg","width":100,"height":100,"mime-type":"image\/jpeg","filesize":6059,"source_url":"https:\/\/lupher.pl\/wp-content\/uploads\/2025\/08\/IMG_9313-100x100.jpg"},"dgwt-wcas-product-suggestion":{"file":"IMG_9313-64x48.jpg","width":64,"height":48,"mime-type":"image\/jpeg","filesize":4007,"source_url":"https:\/\/lupher.pl\/wp-content\/uploads\/2025\/08\/IMG_9313-64x48.jpg"}}},"alt_text":"","url":"","target":""},{"id":19512,"title":"IMG_9314","caption":"","full_image_url":"https:\/\/lupher.pl\/wp-content\/uploads\/2025\/08\/IMG_9314.jpg","thumbnail_image_url":"https:\/\/lupher.pl\/wp-content\/uploads\/2025\/08\/IMG_9314-150x150.jpg","large_srcset":"https:\/\/lupher.pl\/wp-content\/uploads\/2025\/08\/IMG_9314-1024x768.jpg 1024w, https:\/\/lupher.pl\/wp-content\/uploads\/2025\/08\/IMG_9314-300x225.jpg 300w, https:\/\/lupher.pl\/wp-content\/uploads\/2025\/08\/IMG_9314-768x576.jpg 768w, https:\/\/lupher.pl\/wp-content\/uploads\/2025\/08\/IMG_9314-1536x1152.jpg 1536w, https:\/\/lupher.pl\/wp-content\/uploads\/2025\/08\/IMG_9314-600x450.jpg 600w, https:\/\/lupher.pl\/wp-content\/uploads\/2025\/08\/IMG_9314-64x48.jpg 64w, https:\/\/lupher.pl\/wp-content\/uploads\/2025\/08\/IMG_9314.jpg 2016w","medium_srcset":"https:\/\/lupher.pl\/wp-content\/uploads\/2025\/08\/IMG_9314-300x225.jpg 300w, https:\/\/lupher.pl\/wp-content\/uploads\/2025\/08\/IMG_9314-1024x768.jpg 1024w, https:\/\/lupher.pl\/wp-content\/uploads\/2025\/08\/IMG_9314-768x576.jpg 768w, https:\/\/lupher.pl\/wp-content\/uploads\/2025\/08\/IMG_9314-1536x1152.jpg 1536w, https:\/\/lupher.pl\/wp-content\/uploads\/2025\/08\/IMG_9314-600x450.jpg 600w, https:\/\/lupher.pl\/wp-content\/uploads\/2025\/08\/IMG_9314-64x48.jpg 64w, https:\/\/lupher.pl\/wp-content\/uploads\/2025\/08\/IMG_9314.jpg 2016w","media_details":{"width":2016,"height":1512,"sizes":{"medium":{"file":"IMG_9314-300x225.jpg","width":300,"height":225,"mime-type":"image\/jpeg","filesize":19764,"source_url":"https:\/\/lupher.pl\/wp-content\/uploads\/2025\/08\/IMG_9314-300x225.jpg"},"large":{"file":"IMG_9314-1024x768.jpg","width":1024,"height":768,"mime-type":"image\/jpeg","filesize":173807,"source_url":"https:\/\/lupher.pl\/wp-content\/uploads\/2025\/08\/IMG_9314-1024x768.jpg"},"thumbnail":{"file":"IMG_9314-150x150.jpg","width":150,"height":150,"mime-type":"image\/jpeg","filesize":9055,"source_url":"https:\/\/lupher.pl\/wp-content\/uploads\/2025\/08\/IMG_9314-150x150.jpg"},"medium_large":{"file":"IMG_9314-768x576.jpg","width":768,"height":576,"mime-type":"image\/jpeg","filesize":99783,"source_url":"https:\/\/lupher.pl\/wp-content\/uploads\/2025\/08\/IMG_9314-768x576.jpg"},"1536x1536":{"file":"IMG_9314-1536x1152.jpg","width":1536,"height":1152,"mime-type":"image\/jpeg","filesize":381648,"source_url":"https:\/\/lupher.pl\/wp-content\/uploads\/2025\/08\/IMG_9314-1536x1152.jpg"},"woocommerce_thumbnail":{"file":"IMG_9314-600x450.jpg","width":600,"height":450,"mime-type":"image\/jpeg","filesize":63379,"source_url":"https:\/\/lupher.pl\/wp-content\/uploads\/2025\/08\/IMG_9314-600x450.jpg"},"woocommerce_single":{"file":"IMG_9314-600x450.jpg","width":600,"height":450,"mime-type":"image\/jpeg","filesize":63379,"source_url":"https:\/\/lupher.pl\/wp-content\/uploads\/2025\/08\/IMG_9314-600x450.jpg"},"woocommerce_gallery_thumbnail":{"file":"IMG_9314-100x100.jpg","width":100,"height":100,"mime-type":"image\/jpeg","filesize":6024,"source_url":"https:\/\/lupher.pl\/wp-content\/uploads\/2025\/08\/IMG_9314-100x100.jpg"},"dgwt-wcas-product-suggestion":{"file":"IMG_9314-64x48.jpg","width":64,"height":48,"mime-type":"image\/jpeg","filesize":4025,"source_url":"https:\/\/lupher.pl\/wp-content\/uploads\/2025\/08\/IMG_9314-64x48.jpg"}}},"alt_text":"","url":"","target":""},{"id":19514,"title":"IMG_9315","caption":"","full_image_url":"https:\/\/lupher.pl\/wp-content\/uploads\/2025\/08\/IMG_9315.jpg","thumbnail_image_url":"https:\/\/lupher.pl\/wp-content\/uploads\/2025\/08\/IMG_9315-150x150.jpg","large_srcset":"https:\/\/lupher.pl\/wp-content\/uploads\/2025\/08\/IMG_9315-1024x768.jpg 1024w, https:\/\/lupher.pl\/wp-content\/uploads\/2025\/08\/IMG_9315-300x225.jpg 300w, https:\/\/lupher.pl\/wp-content\/uploads\/2025\/08\/IMG_9315-768x576.jpg 768w, https:\/\/lupher.pl\/wp-content\/uploads\/2025\/08\/IMG_9315-1536x1152.jpg 1536w, https:\/\/lupher.pl\/wp-content\/uploads\/2025\/08\/IMG_9315-600x450.jpg 600w, https:\/\/lupher.pl\/wp-content\/uploads\/2025\/08\/IMG_9315-64x48.jpg 64w, https:\/\/lupher.pl\/wp-content\/uploads\/2025\/08\/IMG_9315.jpg 2016w","medium_srcset":"https:\/\/lupher.pl\/wp-content\/uploads\/2025\/08\/IMG_9315-300x225.jpg 300w, https:\/\/lupher.pl\/wp-content\/uploads\/2025\/08\/IMG_9315-1024x768.jpg 1024w, https:\/\/lupher.pl\/wp-content\/uploads\/2025\/08\/IMG_9315-768x576.jpg 768w, https:\/\/lupher.pl\/wp-content\/uploads\/2025\/08\/IMG_9315-1536x1152.jpg 1536w, https:\/\/lupher.pl\/wp-content\/uploads\/2025\/08\/IMG_9315-600x450.jpg 600w, https:\/\/lupher.pl\/wp-content\/uploads\/2025\/08\/IMG_9315-64x48.jpg 64w, https:\/\/lupher.pl\/wp-content\/uploads\/2025\/08\/IMG_9315.jpg 2016w","media_details":{"width":2016,"height":1512,"sizes":{"medium":{"file":"IMG_9315-300x225.jpg","width":300,"height":225,"mime-type":"image\/jpeg","filesize":17744,"source_url":"https:\/\/lupher.pl\/wp-content\/uploads\/2025\/08\/IMG_9315-300x225.jpg"},"large":{"file":"IMG_9315-1024x768.jpg","width":1024,"height":768,"mime-type":"image\/jpeg","filesize":157734,"source_url":"https:\/\/lupher.pl\/wp-content\/uploads\/2025\/08\/IMG_9315-1024x768.jpg"},"thumbnail":{"file":"IMG_9315-150x150.jpg","width":150,"height":150,"mime-type":"image\/jpeg","filesize":8469,"source_url":"https:\/\/lupher.pl\/wp-content\/uploads\/2025\/08\/IMG_9315-150x150.jpg"},"medium_large":{"file":"IMG_9315-768x576.jpg","width":768,"height":576,"mime-type":"image\/jpeg","filesize":89771,"source_url":"https:\/\/lupher.pl\/wp-content\/uploads\/2025\/08\/IMG_9315-768x576.jpg"},"1536x1536":{"file":"IMG_9315-1536x1152.jpg","width":1536,"height":1152,"mime-type":"image\/jpeg","filesize":348099,"source_url":"https:\/\/lupher.pl\/wp-content\/uploads\/2025\/08\/IMG_9315-1536x1152.jpg"},"woocommerce_thumbnail":{"file":"IMG_9315-600x450.jpg","width":600,"height":450,"mime-type":"image\/jpeg","filesize":57108,"source_url":"https:\/\/lupher.pl\/wp-content\/uploads\/2025\/08\/IMG_9315-600x450.jpg"},"woocommerce_single":{"file":"IMG_9315-600x450.jpg","width":600,"height":450,"mime-type":"image\/jpeg","filesize":57108,"source_url":"https:\/\/lupher.pl\/wp-content\/uploads\/2025\/08\/IMG_9315-600x450.jpg"},"woocommerce_gallery_thumbnail":{"file":"IMG_9315-100x100.jpg","width":100,"height":100,"mime-type":"image\/jpeg","filesize":5800,"source_url":"https:\/\/lupher.pl\/wp-content\/uploads\/2025\/08\/IMG_9315-100x100.jpg"},"dgwt-wcas-product-suggestion":{"file":"IMG_9315-64x48.jpg","width":64,"height":48,"mime-type":"image\/jpeg","filesize":3922,"source_url":"https:\/\/lupher.pl\/wp-content\/uploads\/2025\/08\/IMG_9315-64x48.jpg"}}},"alt_text":"","url":"","target":""}]]}},"yoast_head":"<!-- This site is optimized with the Yoast SEO plugin v27.3 - https:\/\/yoast.com\/product\/yoast-seo-wordpress\/ -->\n<title>\u0141y\u017cka skarpowa SMP T620 2000 mm - Lupher<\/title>\n<meta name=\"description\" content=\"Used \u0141y\u017cka skarpowa SMP T620 2000 mm for sale. See \u0141y\u017cki skarpowe, Osprz\u0119t from Lupher\" \/>\n<meta name=\"robots\" content=\"index, follow, max-snippet:-1, max-image-preview:large, max-video-preview:-1\" \/>\n<link rel=\"canonical\" href=\"https:\/\/lupher.pl\/en\/lyzka-skarpowa-smp-t620-2000-mm\/\" \/>\n<meta property=\"og:locale\" content=\"en_US\" \/>\n<meta property=\"og:type\" content=\"article\" \/>\n<meta property=\"og:title\" content=\"\u0141y\u017cka skarpowa SMP T620 2000 mm - Lupher\" \/>\n<meta property=\"og:description\" content=\"Used \u0141y\u017cka skarpowa SMP T620 2000 mm for sale. See \u0141y\u017cki skarpowe, Osprz\u0119t from Lupher\" \/>\n<meta property=\"og:url\" content=\"https:\/\/lupher.pl\/en\/lyzka-skarpowa-smp-t620-2000-mm\/\" \/>\n<meta property=\"og:site_name\" content=\"Lupher\" \/>\n<meta property=\"article:publisher\" content=\"https:\/\/www.facebook.com\/LupherMaszynyBudowlane\/\" \/>\n<meta property=\"article:modified_time\" content=\"2025-08-11T06:55:24+00:00\" \/>\n<meta property=\"og:image\" content=\"https:\/\/lupher.pl\/wp-content\/uploads\/2025\/08\/IMG_9311.jpg\" \/>\n\t<meta property=\"og:image:width\" content=\"2016\" \/>\n\t<meta property=\"og:image:height\" content=\"1512\" \/>\n\t<meta property=\"og:image:type\" content=\"image\/jpeg\" \/>\n<meta name=\"twitter:card\" content=\"summary_large_image\" \/>\n<meta name=\"twitter:site\" content=\"@Lupher01\" \/>\n<meta name=\"twitter:label1\" content=\"Est. reading time\" \/>\n\t<meta name=\"twitter:data1\" content=\"1 minute\" \/>\n<script type=\"application\/ld+json\" class=\"yoast-schema-graph\">{\"@context\":\"https:\\\/\\\/schema.org\",\"@graph\":[{\"@type\":\"WebPage\",\"@id\":\"https:\\\/\\\/lupher.pl\\\/en\\\/lyzka-skarpowa-smp-t620-2000-mm\\\/\",\"url\":\"https:\\\/\\\/lupher.pl\\\/en\\\/lyzka-skarpowa-smp-t620-2000-mm\\\/\",\"name\":\"\u0141y\u017cka skarpowa SMP T620 2000 mm - Lupher\",\"isPartOf\":{\"@id\":\"https:\\\/\\\/lupher.pl\\\/en\\\/#website\"},\"primaryImageOfPage\":{\"@id\":\"https:\\\/\\\/lupher.pl\\\/en\\\/lyzka-skarpowa-smp-t620-2000-mm\\\/#primaryimage\"},\"image\":{\"@id\":\"https:\\\/\\\/lupher.pl\\\/en\\\/lyzka-skarpowa-smp-t620-2000-mm\\\/#primaryimage\"},\"thumbnailUrl\":\"https:\\\/\\\/lupher.pl\\\/wp-content\\\/uploads\\\/2025\\\/08\\\/IMG_9311.jpg\",\"datePublished\":\"2025-08-11T06:51:33+00:00\",\"dateModified\":\"2025-08-11T06:55:24+00:00\",\"description\":\"Used \u0141y\u017cka skarpowa SMP T620 2000 mm for sale. See \u0141y\u017cki skarpowe, Osprz\u0119t from Lupher\",\"breadcrumb\":{\"@id\":\"https:\\\/\\\/lupher.pl\\\/en\\\/lyzka-skarpowa-smp-t620-2000-mm\\\/#breadcrumb\"},\"inLanguage\":\"en-US\",\"potentialAction\":[{\"@type\":\"ReadAction\",\"target\":[\"https:\\\/\\\/lupher.pl\\\/en\\\/lyzka-skarpowa-smp-t620-2000-mm\\\/\"]}]},{\"@type\":\"ImageObject\",\"inLanguage\":\"en-US\",\"@id\":\"https:\\\/\\\/lupher.pl\\\/en\\\/lyzka-skarpowa-smp-t620-2000-mm\\\/#primaryimage\",\"url\":\"https:\\\/\\\/lupher.pl\\\/wp-content\\\/uploads\\\/2025\\\/08\\\/IMG_9311.jpg\",\"contentUrl\":\"https:\\\/\\\/lupher.pl\\\/wp-content\\\/uploads\\\/2025\\\/08\\\/IMG_9311.jpg\",\"width\":2016,\"height\":1512},{\"@type\":\"BreadcrumbList\",\"@id\":\"https:\\\/\\\/lupher.pl\\\/en\\\/lyzka-skarpowa-smp-t620-2000-mm\\\/#breadcrumb\",\"itemListElement\":[{\"@type\":\"ListItem\",\"position\":1,\"name\":\"Lupher\",\"item\":\"https:\\\/\\\/lupher.pl\\\/en\\\/\"},{\"@type\":\"ListItem\",\"position\":2,\"name\":\"Sklep\",\"item\":\"https:\\\/\\\/lupher.pl\\\/sklep\\\/\"},{\"@type\":\"ListItem\",\"position\":3,\"name\":\"\u0141y\u017cka skarpowa SMP T620 2000 mm\"}]},{\"@type\":\"WebSite\",\"@id\":\"https:\\\/\\\/lupher.pl\\\/en\\\/#website\",\"url\":\"https:\\\/\\\/lupher.pl\\\/en\\\/\",\"name\":\"Lupher\",\"description\":\"\",\"publisher\":{\"@id\":\"https:\\\/\\\/lupher.pl\\\/en\\\/#organization\"},\"potentialAction\":[{\"@type\":\"SearchAction\",\"target\":{\"@type\":\"EntryPoint\",\"urlTemplate\":\"https:\\\/\\\/lupher.pl\\\/en\\\/?s={search_term_string}\"},\"query-input\":{\"@type\":\"PropertyValueSpecification\",\"valueRequired\":true,\"valueName\":\"search_term_string\"}}],\"inLanguage\":\"en-US\"},{\"@type\":\"Organization\",\"@id\":\"https:\\\/\\\/lupher.pl\\\/en\\\/#organization\",\"name\":\"Lupher\",\"url\":\"https:\\\/\\\/lupher.pl\\\/en\\\/\",\"logo\":{\"@type\":\"ImageObject\",\"inLanguage\":\"en-US\",\"@id\":\"https:\\\/\\\/lupher.pl\\\/en\\\/#\\\/schema\\\/logo\\\/image\\\/\",\"url\":\"https:\\\/\\\/lupher.pl\\\/wp-content\\\/uploads\\\/2024\\\/09\\\/lupher_logo.png\",\"contentUrl\":\"https:\\\/\\\/lupher.pl\\\/wp-content\\\/uploads\\\/2024\\\/09\\\/lupher_logo.png\",\"width\":420,\"height\":104,\"caption\":\"Lupher\"},\"image\":{\"@id\":\"https:\\\/\\\/lupher.pl\\\/en\\\/#\\\/schema\\\/logo\\\/image\\\/\"},\"sameAs\":[\"https:\\\/\\\/www.facebook.com\\\/LupherMaszynyBudowlane\\\/\",\"https:\\\/\\\/x.com\\\/Lupher01\"]}]}<\/script>\n<!-- \/ Yoast SEO plugin. -->","yoast_head_json":{"title":"\u0141y\u017cka skarpowa SMP T620 2000 mm - Lupher","description":"Used \u0141y\u017cka skarpowa SMP T620 2000 mm for sale. See \u0141y\u017cki skarpowe, Osprz\u0119t from Lupher","robots":{"index":"index","follow":"follow","max-snippet":"max-snippet:-1","max-image-preview":"max-image-preview:large","max-video-preview":"max-video-preview:-1"},"canonical":"https:\/\/lupher.pl\/en\/lyzka-skarpowa-smp-t620-2000-mm\/","og_locale":"en_US","og_type":"article","og_title":"\u0141y\u017cka skarpowa SMP T620 2000 mm - Lupher","og_description":"Used \u0141y\u017cka skarpowa SMP T620 2000 mm for sale. See \u0141y\u017cki skarpowe, Osprz\u0119t from Lupher","og_url":"https:\/\/lupher.pl\/en\/lyzka-skarpowa-smp-t620-2000-mm\/","og_site_name":"Lupher","article_publisher":"https:\/\/www.facebook.com\/LupherMaszynyBudowlane\/","article_modified_time":"2025-08-11T06:55:24+00:00","og_image":[{"width":2016,"height":1512,"url":"https:\/\/lupher.pl\/wp-content\/uploads\/2025\/08\/IMG_9311.jpg","type":"image\/jpeg"}],"twitter_card":"summary_large_image","twitter_site":"@Lupher01","twitter_misc":{"Est. reading time":"1 minute"},"schema":{"@context":"https:\/\/schema.org","@graph":[{"@type":"WebPage","@id":"https:\/\/lupher.pl\/en\/lyzka-skarpowa-smp-t620-2000-mm\/","url":"https:\/\/lupher.pl\/en\/lyzka-skarpowa-smp-t620-2000-mm\/","name":"\u0141y\u017cka skarpowa SMP T620 2000 mm - Lupher","isPartOf":{"@id":"https:\/\/lupher.pl\/en\/#website"},"primaryImageOfPage":{"@id":"https:\/\/lupher.pl\/en\/lyzka-skarpowa-smp-t620-2000-mm\/#primaryimage"},"image":{"@id":"https:\/\/lupher.pl\/en\/lyzka-skarpowa-smp-t620-2000-mm\/#primaryimage"},"thumbnailUrl":"https:\/\/lupher.pl\/wp-content\/uploads\/2025\/08\/IMG_9311.jpg","datePublished":"2025-08-11T06:51:33+00:00","dateModified":"2025-08-11T06:55:24+00:00","description":"Used \u0141y\u017cka skarpowa SMP T620 2000 mm for sale. See \u0141y\u017cki skarpowe, Osprz\u0119t from Lupher","breadcrumb":{"@id":"https:\/\/lupher.pl\/en\/lyzka-skarpowa-smp-t620-2000-mm\/#breadcrumb"},"inLanguage":"en-US","potentialAction":[{"@type":"ReadAction","target":["https:\/\/lupher.pl\/en\/lyzka-skarpowa-smp-t620-2000-mm\/"]}]},{"@type":"ImageObject","inLanguage":"en-US","@id":"https:\/\/lupher.pl\/en\/lyzka-skarpowa-smp-t620-2000-mm\/#primaryimage","url":"https:\/\/lupher.pl\/wp-content\/uploads\/2025\/08\/IMG_9311.jpg","contentUrl":"https:\/\/lupher.pl\/wp-content\/uploads\/2025\/08\/IMG_9311.jpg","width":2016,"height":1512},{"@type":"BreadcrumbList","@id":"https:\/\/lupher.pl\/en\/lyzka-skarpowa-smp-t620-2000-mm\/#breadcrumb","itemListElement":[{"@type":"ListItem","position":1,"name":"Lupher","item":"https:\/\/lupher.pl\/en\/"},{"@type":"ListItem","position":2,"name":"Sklep","item":"https:\/\/lupher.pl\/sklep\/"},{"@type":"ListItem","position":3,"name":"\u0141y\u017cka skarpowa SMP T620 2000 mm"}]},{"@type":"WebSite","@id":"https:\/\/lupher.pl\/en\/#website","url":"https:\/\/lupher.pl\/en\/","name":"Lupher","description":"","publisher":{"@id":"https:\/\/lupher.pl\/en\/#organization"},"potentialAction":[{"@type":"SearchAction","target":{"@type":"EntryPoint","urlTemplate":"https:\/\/lupher.pl\/en\/?s={search_term_string}"},"query-input":{"@type":"PropertyValueSpecification","valueRequired":true,"valueName":"search_term_string"}}],"inLanguage":"en-US"},{"@type":"Organization","@id":"https:\/\/lupher.pl\/en\/#organization","name":"Lupher","url":"https:\/\/lupher.pl\/en\/","logo":{"@type":"ImageObject","inLanguage":"en-US","@id":"https:\/\/lupher.pl\/en\/#\/schema\/logo\/image\/","url":"https:\/\/lupher.pl\/wp-content\/uploads\/2024\/09\/lupher_logo.png","contentUrl":"https:\/\/lupher.pl\/wp-content\/uploads\/2024\/09\/lupher_logo.png","width":420,"height":104,"caption":"Lupher"},"image":{"@id":"https:\/\/lupher.pl\/en\/#\/schema\/logo\/image\/"},"sameAs":["https:\/\/www.facebook.com\/LupherMaszynyBudowlane\/","https:\/\/x.com\/Lupher01"]}]}},"_links":{"self":[{"href":"https:\/\/lupher.pl\/en\/wp-json\/wp\/v2\/product\/19515","targetHints":{"allow":["GET"]}}],"collection":[{"href":"https:\/\/lupher.pl\/en\/wp-json\/wp\/v2\/product"}],"about":[{"href":"https:\/\/lupher.pl\/en\/wp-json\/wp\/v2\/types\/product"}],"replies":[{"embeddable":true,"href":"https:\/\/lupher.pl\/en\/wp-json\/wp\/v2\/comments?post=19515"}],"wp:featuredmedia":[{"embeddable":true,"href":"https:\/\/lupher.pl\/en\/wp-json\/wp\/v2\/media\/19505"}],"wp:attachment":[{"href":"https:\/\/lupher.pl\/en\/wp-json\/wp\/v2\/media?parent=19515"}],"wp:term":[{"taxonomy":"product_brand","embeddable":true,"href":"https:\/\/lupher.pl\/en\/wp-json\/wp\/v2\/product_brand?post=19515"},{"taxonomy":"product_cat","embeddable":true,"href":"https:\/\/lupher.pl\/en\/wp-json\/wp\/v2\/product_cat?post=19515"},{"taxonomy":"product_tag","embeddable":true,"href":"https:\/\/lupher.pl\/en\/wp-json\/wp\/v2\/product_tag?post=19515"}],"curies":[{"name":"wp","href":"https:\/\/api.w.org\/{rel}","templated":true}]}}